{"id":12296,"date":"2025-08-05T15:50:00","date_gmt":"2025-08-05T13:50:00","guid":{"rendered":"https:\/\/ratiotherm.de\/?page_id=12296"},"modified":"2025-09-22T13:07:56","modified_gmt":"2025-09-22T11:07:56","slug":"textes-dappel-doffres","status":"publish","type":"page","link":"https:\/\/ratiotherm.de\/fr\/textes-dappel-doffres\/","title":{"rendered":"Textes d&#8217;appel d&#8217;offres"},"content":{"rendered":"<style>.kb-row-layout-wrap.wp-block-kadence-rowlayout.kb-row-layout-id12296_8c193c-62{margin-top:var(--global-kb-spacing-xl, 4rem);margin-bottom:var(--global-kb-spacing-xl, 4rem);}.kb-row-layout-id12296_8c193c-62 > .kt-row-column-wrap{align-content:start;}:where(.kb-row-layout-id12296_8c193c-62 > .kt-row-column-wrap) > .wp-block-kadence-column{justify-content:start;}.kb-row-layout-id12296_8c193c-62 > .kt-row-column-wrap{column-gap:var(--global-kb-gap-md, 2rem);row-gap:var(--global-kb-gap-md, 2rem);max-width:var( --global-content-width, 1290px );padding-left:var(--global-content-edge-padding);padding-right:var(--global-content-edge-padding);padding-top:var(--global-kb-spacing-sm, 1.5rem);padding-bottom:var(--global-kb-spacing-sm, 1.5rem);grid-template-columns:minmax(0, 1fr);}.kb-row-layout-id12296_8c193c-62 > .kt-row-layout-overlay{opacity:0.30;}@media all and (max-width: 1024px){.kb-row-layout-id12296_8c193c-62 > .kt-row-column-wrap{grid-template-columns:minmax(0, 1fr);}}@media all and (max-width: 767px){.kb-row-layout-id12296_8c193c-62 > .kt-row-column-wrap{grid-template-columns:minmax(0, 1fr);}}<\/style><div class=\"kb-row-layout-wrap kb-row-layout-id12296_8c193c-62 alignnone wp-block-kadence-rowlayout\"><div class=\"kt-row-column-wrap kt-has-1-columns kt-row-layout-equal kt-tab-layout-inherit kt-mobile-layout-row kt-row-valign-top kb-theme-content-width\">\n<style>.kadence-column12296_6ecebc-7c > .kt-inside-inner-col,.kadence-column12296_6ecebc-7c > .kt-inside-inner-col:before{border-top-left-radius:0px;border-top-right-radius:0px;border-bottom-right-radius:0px;border-bottom-left-radius:0px;}.kadence-column12296_6ecebc-7c > .kt-inside-inner-col{column-gap:var(--global-kb-gap-sm, 1rem);}.kadence-column12296_6ecebc-7c > .kt-inside-inner-col{flex-direction:column;}.kadence-column12296_6ecebc-7c > .kt-inside-inner-col > .aligncenter{width:100%;}.kadence-column12296_6ecebc-7c > .kt-inside-inner-col:before{opacity:0.3;}.kadence-column12296_6ecebc-7c{position:relative;}@media all and (max-width: 1024px){.kadence-column12296_6ecebc-7c > .kt-inside-inner-col{flex-direction:column;justify-content:center;}}@media all and (max-width: 767px){.kadence-column12296_6ecebc-7c > .kt-inside-inner-col{flex-direction:column;justify-content:center;}}<\/style>\n<div class=\"wp-block-kadence-column kadence-column12296_6ecebc-7c\"><div class=\"kt-inside-inner-col\">\n<p><strong><br>Important :<\/strong><\/p>\n\n\n\n<p>Pour pouvoir exporter un produit dans le format souhait\u00e9 (GAEB, Data\u00adnorm, \u00d6NORM, Word, Excel, PDF et autres ), vous devez d&#8217;abord cr\u00e9er une liste de collecte. Pour ce faire, s\u00e9lectionnez les entr\u00e9es (texte, num\u00e9ro d&#8217;article) par glisser-d\u00e9poser ou \u00e0 l&#8217;aide du bouton [>].<\/p>\n\n\n\n<p>Vous pouvez ensuite exporter au format souhait\u00e9. La fonction de recherche (loupe) vous permet par exemple de saisir un num\u00e9ro d&#8217;article ou de le s\u00e9lectionner directement dans l&#8217;arborescence.<\/p>\n<\/div><\/div>\n\n<\/div><\/div>\n\n<style>.kb-row-layout-wrap.wp-block-kadence-rowlayout.kb-row-layout-id12296_eeb786-60{margin-top:var(--global-kb-spacing-xl, 4rem);margin-bottom:var(--global-kb-spacing-xl, 4rem);}.kb-row-layout-id12296_eeb786-60 > .kt-row-column-wrap{align-content:start;}:where(.kb-row-layout-id12296_eeb786-60 > .kt-row-column-wrap) > .wp-block-kadence-column{justify-content:start;}.kb-row-layout-id12296_eeb786-60 > .kt-row-column-wrap{column-gap:var(--global-kb-gap-md, 2rem);row-gap:var(--global-kb-gap-md, 2rem);max-width:var( --global-content-width, 1290px );padding-left:var(--global-content-edge-padding);padding-right:var(--global-content-edge-padding);padding-top:var(--global-kb-spacing-sm, 1.5rem);padding-bottom:var(--global-kb-spacing-sm, 1.5rem);grid-template-columns:minmax(0, 1fr);}.kb-row-layout-id12296_eeb786-60 > .kt-row-layout-overlay{opacity:0.30;}@media all and (max-width: 1024px){.kb-row-layout-id12296_eeb786-60 > .kt-row-column-wrap{grid-template-columns:minmax(0, 1fr);}}@media all and (max-width: 767px){.kb-row-layout-id12296_eeb786-60 > .kt-row-column-wrap{grid-template-columns:minmax(0, 1fr);}}<\/style><div class=\"kb-row-layout-wrap kb-row-layout-id12296_eeb786-60 alignnone wp-block-kadence-rowlayout\"><div class=\"kt-row-column-wrap kt-has-1-columns kt-row-layout-equal kt-tab-layout-inherit kt-mobile-layout-row kt-row-valign-top kb-theme-content-width\">\n<style>.kadence-column12296_3a551e-06 > .kt-inside-inner-col,.kadence-column12296_3a551e-06 > .kt-inside-inner-col:before{border-top-left-radius:0px;border-top-right-radius:0px;border-bottom-right-radius:0px;border-bottom-left-radius:0px;}.kadence-column12296_3a551e-06 > .kt-inside-inner-col{column-gap:var(--global-kb-gap-sm, 1rem);}.kadence-column12296_3a551e-06 > .kt-inside-inner-col{flex-direction:column;}.kadence-column12296_3a551e-06 > .kt-inside-inner-col > .aligncenter{width:100%;}.kadence-column12296_3a551e-06 > .kt-inside-inner-col:before{opacity:0.3;}.kadence-column12296_3a551e-06{position:relative;}@media all and (max-width: 1024px){.kadence-column12296_3a551e-06 > .kt-inside-inner-col{flex-direction:column;justify-content:center;}}@media all and (max-width: 767px){.kadence-column12296_3a551e-06 > .kt-inside-inner-col{flex-direction:column;justify-content:center;}}<\/style>\n<div class=\"wp-block-kadence-column kadence-column12296_3a551e-06\"><div class=\"kt-inside-inner-col\">\n<p><strong>S\u00e9lectionnez maintenant une cat\u00e9gorie :<\/strong><\/p>\n\n\n\n <div class=\"brlbs-cmpnt-container brlbs-cmpnt-content-blocker brlbs-cmpnt-with-individual-styles\" data-borlabs-cookie-content-blocker-id=\"default\" data-borlabs-cookie-content=\"PGlmcmFtZSBzdHlsZT0iaGVpZ2h0OjgwMHB4OyB3aWR0aDoxMDAlIiBmcmFtZWJvcmRlcj0iMCIgYWxsb3c9ImZ1bGxzY3JlZW47IGNsaXBib2FyZC1yZWFkOyBjbGlwYm9hcmQtd3JpdGU7IiBzcmM9Imh0dHBzOi8vYXVzc2NocmVpYmVuLmRlL2ludGVncmF0aW9uL3YyL2NhdGFsb2cvcmF0aW90aGVybT9pbnRlZ3JhdGlvbktleT0wYjNmODhkYS02ZDM5LTRmMDUtODVjYi02NDA1NjkwZjU0ZWQiPjwvaWZyYW1lPg==\"><div class=\"brlbs-cmpnt-cb-preset-a\"> <p class=\"brlbs-cmpnt-cb-description\">Vous \u00eates actuellement en train de consulter le contenu d&#8217;un espace r\u00e9serv\u00e9 de <strong>Par d\u00e9faut<\/strong>. Pour acc\u00e9der au contenu r\u00e9el, cliquez sur le bouton ci-dessous. Veuillez noter que ce faisant, des donn\u00e9es seront partag\u00e9es avec des providers tiers.<\/p> <div class=\"brlbs-cmpnt-cb-buttons\"> <a class=\"brlbs-cmpnt-cb-btn\" href=\"#\" data-borlabs-cookie-unblock role=\"button\">D\u00e9bloquer le contenu<\/a> <a class=\"brlbs-cmpnt-cb-btn\" href=\"#\" data-borlabs-cookie-accept-service role=\"button\" style=\"display: none\">Accepter le service requis et d\u00e9bloquer le contenu<\/a> <\/div> <a class=\"brlbs-cmpnt-cb-provider-toggle\" href=\"#\" data-borlabs-cookie-show-provider-information role=\"button\">Plus d&#8217;informations<\/a> <\/div><\/div>\n<\/div><\/div>\n\n<\/div><\/div>\n\n<style>.kb-row-layout-wrap.wp-block-kadence-rowlayout.kb-row-layout-id7903_7cc849-26{margin-top:var(--global-kb-spacing-xxl, 5rem);margin-bottom:var(--global-kb-spacing-xxl, 5rem);}.kb-row-layout-id7903_7cc849-26 > .kt-row-column-wrap{align-content:start;}:where(.kb-row-layout-id7903_7cc849-26 > .kt-row-column-wrap) > .wp-block-kadence-column{justify-content:start;}.kb-row-layout-id7903_7cc849-26 > .kt-row-column-wrap{column-gap:var(--global-kb-gap-md, 2rem);row-gap:var(--global-kb-gap-md, 2rem);max-width:var( --global-content-width, 1290px );padding-left:var(--global-content-edge-padding);padding-right:var(--global-content-edge-padding);padding-top:var(--global-kb-spacing-xxl, 5rem);padding-bottom:var(--global-kb-spacing-xxl, 5rem);grid-template-columns:repeat(2, minmax(0, 1fr));}.kb-row-layout-id7903_7cc849-26 > .kt-row-layout-overlay{opacity:0.30;}@media all and (max-width: 1024px){.kb-row-layout-wrap.wp-block-kadence-rowlayout.kb-row-layout-id7903_7cc849-26{margin-top:var(--global-kb-spacing-lg, 3rem);margin-bottom:var(--global-kb-spacing-lg, 3rem);}}@media all and (max-width: 1024px){.kb-row-layout-id7903_7cc849-26 > .kt-row-column-wrap{padding-top:var(--global-kb-spacing-lg, 3rem);padding-right:var(--global-kb-spacing-md, 2rem);padding-bottom:var(--global-kb-spacing-lg, 3rem);padding-left:var(--global-kb-spacing-md, 2rem);grid-template-columns:repeat(2, minmax(0, 1fr));}}@media all and (max-width: 767px){.kb-row-layout-id7903_7cc849-26 > .kt-row-column-wrap{padding-right:var(--global-kb-spacing-sm, 1.5rem);padding-left:var(--global-kb-spacing-sm, 1.5rem);grid-template-columns:minmax(0, 1fr);}}<\/style><div class=\"kb-row-layout-wrap kb-row-layout-id7903_7cc849-26 alignnone has-theme-palette8-background-color kt-row-has-bg kontaktzeile wp-block-kadence-rowlayout\" id=\"kontaktzeile\"><div class=\"kt-row-column-wrap kt-has-2-columns kt-row-layout-equal kt-tab-layout-inherit kt-mobile-layout-row kt-row-valign-top kb-theme-content-width\">\n<style>.kadence-column7903_f62692-0b > .kt-inside-inner-col{padding-top:var(--global-kb-spacing-xs, 1rem);}.kadence-column7903_f62692-0b > .kt-inside-inner-col,.kadence-column7903_f62692-0b > .kt-inside-inner-col:before{border-top-left-radius:0px;border-top-right-radius:0px;border-bottom-right-radius:0px;border-bottom-left-radius:0px;}.kadence-column7903_f62692-0b > .kt-inside-inner-col{column-gap:var(--global-kb-gap-sm, 1rem);}.kadence-column7903_f62692-0b > .kt-inside-inner-col{flex-direction:column;}.kadence-column7903_f62692-0b > .kt-inside-inner-col > .aligncenter{width:100%;}.kadence-column7903_f62692-0b > .kt-inside-inner-col:before{opacity:0.3;}.kadence-column7903_f62692-0b{position:relative;}@media all and (max-width: 1024px){.kadence-column7903_f62692-0b > .kt-inside-inner-col{flex-direction:column;justify-content:center;}}@media all and (max-width: 767px){.kadence-column7903_f62692-0b > .kt-inside-inner-col{flex-direction:column;justify-content:center;}}<\/style>\n<div class=\"wp-block-kadence-column kadence-column7903_f62692-0b\"><div class=\"kt-inside-inner-col\"><div class=\"wp-block-image contact-image is-style-rounded\">\n<figure class=\"aligncenter size-full is-resized has-custom-border\" id=\"wpi-image-d9d888\"><img loading=\"lazy\" decoding=\"async\" width=\"300\" height=\"300\" src=\"https:\/\/ratiotherm.de\/wp-content\/uploads\/stephan-weinzierl-ratiotherm.png\" alt=\"Stephan Weinzierl Ratiotherm\" class=\"wp-image-6837\" style=\"border-radius:50%;aspect-ratio:1;object-fit:cover;width:230px\" srcset=\"https:\/\/ratiotherm.de\/wp-content\/uploads\/stephan-weinzierl-ratiotherm.png 300w, https:\/\/ratiotherm.de\/wp-content\/uploads\/stephan-weinzierl-ratiotherm-100x100.png 100w\" sizes=\"auto, (max-width: 300px) 100vw, 300px\" \/><\/figure>\n<\/div>\n\n\n<p class=\"has-text-align-center contact-name\" style=\"line-height:1.5\"><strong>Stephan Weinzierl<\/strong><\/p>\n\n\n\n<p class=\"has-text-align-center contact-position\" style=\"line-height:1.5\">Distribution internationale<\/p>\n\n\n\n<p class=\"has-text-align-center contact-data\"><strong><a href=\"tel:00498422997770\">+49 (0) 8422 9977-70<\/a><\/strong> | <a href=\"mailto:info@ratiotherm.de\"><strong>info@ratiotherm.de<\/strong><\/a><\/p>\n<\/div><\/div>\n\n\n<style>.kadence-column7903_e8306a-76 > .kt-inside-inner-col,.kadence-column7903_e8306a-76 > .kt-inside-inner-col:before{border-top-left-radius:0px;border-top-right-radius:0px;border-bottom-right-radius:0px;border-bottom-left-radius:0px;}.kadence-column7903_e8306a-76 > .kt-inside-inner-col{column-gap:var(--global-kb-gap-sm, 1rem);}.kadence-column7903_e8306a-76 > .kt-inside-inner-col{flex-direction:column;}.kadence-column7903_e8306a-76 > .kt-inside-inner-col > .aligncenter{width:100%;}.kadence-column7903_e8306a-76 > .kt-inside-inner-col:before{opacity:0.3;}.kadence-column7903_e8306a-76{position:relative;}@media all and (max-width: 1024px){.kadence-column7903_e8306a-76 > .kt-inside-inner-col{flex-direction:column;justify-content:center;}}@media all and (max-width: 767px){.kadence-column7903_e8306a-76 > .kt-inside-inner-col{flex-direction:column;justify-content:center;}}<\/style>\n<div class=\"wp-block-kadence-column kadence-column7903_e8306a-76\"><div class=\"kt-inside-inner-col\">\n<h2 class=\"wp-block-heading small eplus-wrapper\">Contactez-nous sans engagement<\/h2>\n\n\n<div class='fluentform ff-default fluentform_wrapper_9  ff_guten_block ff_guten_block-9 ffs_default_wrap'><form data-form_id=\"9\" id=\"fluentform_9\" class=\"frm-fluent-form fluent_form_9 ff-el-form-top ff_form_instance_9_1 ff-form-loading ffs_default\" data-form_instance=\"ff_form_instance_9_1\" method=\"POST\" ><fieldset  style=\"border: none!important;margin: 0!important;padding: 0!important;background-color: transparent!important;box-shadow: none!important;outline: none!important; min-inline-size: 100%;\">\n                    <legend class=\"ff_screen_reader_title\" style=\"display: block; margin: 0!important;padding: 0!important;height: 0!important;text-indent: -999999px;width: 0!important;overflow:hidden;\">Mini-Formular (franz\u00f6sisch)<\/legend>        <div\n                style=\"display: none!important; position: absolute!important; transform: translateX(1000%)!important;\"\n                class=\"ff-el-group ff-hpsf-container\"\n        >\n            <div class=\"ff-el-input--label asterisk-right\">\n                <label for=\"ff_9_item_sf\" aria-label=\"Subscribe\">\n                    Subscribe                <\/label>\n            <\/div>\n            <div class=\"ff-el-input--content\">\n                <input type=\"text\"\n                       name=\"item_9__fluent_sf\"\n                       class=\"ff-el-form-control\"\n                       id=\"ff_9_item_sf\"\n                \/>\n            <\/div>\n        <\/div>\n                <input type=\"hidden\" id=\"__fluent_protection_token_9\" class=\"fluent-form-token-field\" name=\"__fluent_protection_token_9\">\n        <input type='hidden' name='__fluent_form_embded_post_id' value='12296' \/><input type=\"hidden\" id=\"_fluentform_9_fluentformnonce\" name=\"_fluentform_9_fluentformnonce\" value=\"42f7c8b053\" \/><input type=\"hidden\" name=\"_wp_http_referer\" value=\"\/fr\/wp-json\/wp\/v2\/pages\/12296\" \/><div data-name=\"ff_cn_id_1\"  class='ff-t-container ff-column-container ff_columns_total_2 '><div class='ff-t-cell ff-t-column-1' style='flex-basis: 50%;'><div class='ff-el-group ff-el-form-hide_label'><div class=\"ff-el-input--label ff-el-is-required asterisk-right\"><label for='ff_9_input_text' id='label_ff_9_input_text' aria-label=\"Pr\u00e9nom et nom de famille\">Pr\u00e9nom et nom de famille<\/label><\/div><div class='ff-el-input--content'><input type=\"text\" name=\"input_text\" class=\"ff-el-form-control\" placeholder=\"* Pr\u00e9nom et nom de famille\" data-name=\"input_text\" tabindex=\"1\" id=\"ff_9_input_text\"  aria-invalid=\"false\" aria-required=true><\/div><\/div><\/div><div class='ff-t-cell ff-t-column-2' style='flex-basis: 50%;'><div class='ff-el-group ff-el-form-hide_label'><div class=\"ff-el-input--label asterisk-right\"><label for='ff_9_input_text_1' id='label_ff_9_input_text_1' aria-label=\"Soci\u00e9t\u00e9\">Soci\u00e9t\u00e9<\/label><\/div><div class='ff-el-input--content'><input type=\"text\" name=\"input_text_1\" class=\"ff-el-form-control\" placeholder=\"Soci\u00e9t\u00e9\" data-name=\"input_text_1\" tabindex=\"2\" id=\"ff_9_input_text_1\"  aria-invalid=\"false\" aria-required=false><\/div><\/div><\/div><\/div><div data-name=\"ff_cn_id_2\"  class='ff-t-container ff-column-container ff_columns_total_2 '><div class='ff-t-cell ff-t-column-1' style='flex-basis: 50%;'><div class='ff-el-group ff-el-form-hide_label'><div class=\"ff-el-input--label ff-el-is-required asterisk-right\"><label for='ff_9_email' id='label_ff_9_email' aria-label=\"E-mail\">E-mail<\/label><\/div><div class='ff-el-input--content'><input type=\"email\" name=\"email\" id=\"ff_9_email\" class=\"ff-el-form-control\" placeholder=\"* E-mail\" data-name=\"email\" tabindex=\"3\"  aria-invalid=\"false\" aria-required=true><\/div><\/div><\/div><div class='ff-t-cell ff-t-column-2' style='flex-basis: 50%;'><div class='ff-el-group ff-el-form-hide_label'><div class=\"ff-el-input--label asterisk-right\"><label for='ff_9_input_text_3' id='label_ff_9_input_text_3' aria-label=\"T\u00e9l\u00e9phone\">T\u00e9l\u00e9phone<\/label><\/div><div class='ff-el-input--content'><input type=\"text\" name=\"input_text_3\" class=\"ff-el-form-control\" placeholder=\"T\u00e9l\u00e9phone\" data-name=\"input_text_3\" tabindex=\"4\" id=\"ff_9_input_text_3\"  aria-invalid=\"false\" aria-required=false><\/div><\/div><\/div><\/div><div data-name=\"ff_cn_id_3\"  class='ff-t-container ff-column-container ff_columns_total_2 '><div class='ff-t-cell ff-t-column-1' style='flex-basis: 50%;'><div class='ff-el-group ff-el-form-hide_label'><div class=\"ff-el-input--label ff-el-is-required asterisk-right\"><label for='ff_9_input_text_4' id='label_ff_9_input_text_4' aria-label=\"Code postal\">Code postal<\/label><\/div><div class='ff-el-input--content'><input type=\"text\" name=\"input_text_4\" class=\"ff-el-form-control\" placeholder=\"* Code postal\" data-name=\"input_text_4\" tabindex=\"5\" id=\"ff_9_input_text_4\"  aria-invalid=\"false\" aria-required=true><\/div><\/div><\/div><div class='ff-t-cell ff-t-column-2' style='flex-basis: 50%;'><div class='ff-el-group ff-el-form-hide_label'><div class=\"ff-el-input--label asterisk-right\"><label for='ff_9_input_text_5' id='label_ff_9_input_text_5' aria-label=\"Ville\">Ville<\/label><\/div><div class='ff-el-input--content'><input type=\"text\" name=\"input_text_5\" class=\"ff-el-form-control\" placeholder=\"Ville\" data-name=\"input_text_5\" tabindex=\"6\" id=\"ff_9_input_text_5\"  aria-invalid=\"false\" aria-required=false><\/div><\/div><\/div><\/div><div class='ff-el-group ff-el-form-hide_label'><div class=\"ff-el-input--label ff-el-is-required asterisk-right\"><label for='ff_9_description' id='label_ff_9_description' aria-label=\"Votre message\">Votre message<\/label><\/div><div class='ff-el-input--content'><textarea aria-required=\"true\" aria-labelledby=\"label_ff_9_description\" name=\"description\" id=\"ff_9_description\" class=\"ff-el-form-control\" placeholder=\"* Votre message\" rows=\"3\" cols=\"2\" data-name=\"description\" tabindex=\"7\" ><\/textarea><\/div><\/div><div class='ff-el-group ff-el-form-hide_label'><div class=\"ff-el-input--label ff-el-is-required asterisk-right\"><label   aria-label=\"Datenschutz\">Datenschutz<\/label><\/div><div class='ff-el-input--content'><div class='ff-el-form-check ff-el-form-check-'><label class='ff-el-form-check-label' for='checkbox_5e0df311f30b50c10006a89c756f5b75'><input  type=\"checkbox\" name=\"checkbox[]\" data-name=\"checkbox\" class=\"ff-el-form-check-input ff-el-form-check-checkbox\" tabindex=\"8\" value=\"J&#039;ai pris connaissance de la &lt;a href=&quot;\/declaration-de-protection-des-donnees\/&quot; target=&quot;_blank&quot;&gt;d\u00e9claration de protection des donn\u00e9es&lt;\/a&gt;.\"  id='checkbox_5e0df311f30b50c10006a89c756f5b75' aria-label='J&#039;ai pris connaissance de la &lt;a href=&quot;\/declaration-de-protection-des-donnees\/&quot; target=&quot;_blank&quot;&gt;d\u00e9claration de protection des donn\u00e9es&lt;\/a&gt;.' aria-invalid='false' aria-required=true> <span>J&#8217;ai pris connaissance de la <a href=\"\/declaration-de-protection-des-donnees\/\" target=\"_blank\">d\u00e9claration de protection des donn\u00e9es<\/a>.<\/span><\/label><\/div><\/div><\/div><div class='ff-el-group ff-text-left ff_submit_btn_wrapper'><button type=\"submit\" class=\"ff-btn ff-btn-submit ff-btn-md ff_btn_style wpf_has_custom_css\" tabindex=\"9\"  aria-label=\"Envoyer la demande\">Envoyer la demande<\/button><\/div><\/fieldset><\/form><div id='fluentform_9_errors' class='ff-errors-in-stack ff_form_instance_9_1 ff-form-loading_errors ff_form_instance_9_1_errors'><\/div><\/div>            <script type=\"text\/javascript\">\n                window.fluent_form_ff_form_instance_9_1 = {\"id\":\"9\",\"settings\":{\"layout\":{\"labelPlacement\":\"top\",\"helpMessagePlacement\":\"with_label\",\"errorMessagePlacement\":\"inline\"},\"restrictions\":{\"denyEmptySubmission\":{\"enabled\":false}}},\"form_instance\":\"ff_form_instance_9_1\",\"form_id_selector\":\"fluentform_9\",\"rules\":{\"input_text\":{\"required\":{\"value\":true,\"message\":\"Das ist ein Pflichtfeld\",\"global_message\":\"Das ist ein Pflichtfeld\",\"global\":true}},\"input_text_1\":{\"required\":{\"value\":false,\"message\":\"Das ist ein Pflichtfeld\",\"global_message\":\"Das ist ein Pflichtfeld\",\"global\":true}},\"email\":{\"required\":{\"value\":true,\"message\":\"Das ist ein Pflichtfeld\",\"global_message\":\"Das ist ein Pflichtfeld\",\"global\":true},\"email\":{\"value\":true,\"message\":\"Dieses Feld muss eine g\\u00fcltige E-Mailadresse enthalten\",\"global_message\":\"Dieses Feld muss eine g\\u00fcltige E-Mailadresse enthalten\",\"global\":true}},\"input_text_3\":{\"required\":{\"value\":false,\"message\":\"Das ist ein Pflichtfeld\",\"global_message\":\"Das ist ein Pflichtfeld\",\"global\":true}},\"input_text_4\":{\"required\":{\"value\":true,\"message\":\"Das ist ein Pflichtfeld\",\"global_message\":\"Das ist ein Pflichtfeld\",\"global\":true}},\"input_text_5\":{\"required\":{\"value\":false,\"message\":\"Das ist ein Pflichtfeld\",\"global_message\":\"Das ist ein Pflichtfeld\",\"global\":true}},\"description\":{\"required\":{\"value\":true,\"message\":\"Das ist ein Pflichtfeld\",\"global_message\":\"Das ist ein Pflichtfeld\",\"global\":true}},\"checkbox\":{\"required\":{\"value\":true,\"message\":\"Das ist ein Pflichtfeld\",\"global_message\":\"Das ist ein Pflichtfeld\",\"global\":true}}},\"debounce_time\":300};\n                            <\/script>\n            <\/div><\/div>\n\n<\/div><\/div>","protected":false},"excerpt":{"rendered":"<p>Important : Pour pouvoir exporter un produit dans le format souhait\u00e9 (GAEB, Data\u00adnorm, \u00d6NORM, Word, Excel, PDF et autres ), vous devez d&#8217;abord cr\u00e9er une liste de collecte. Pour ce faire, s\u00e9lectionnez les entr\u00e9es (texte, num\u00e9ro d&#8217;article) par glisser-d\u00e9poser ou \u00e0 l&#8217;aide du bouton [>]. Vous pouvez ensuite exporter au format souhait\u00e9. La fonction de&#8230;<\/p>\n","protected":false},"author":1,"featured_media":0,"parent":0,"menu_order":20200,"comment_status":"closed","ping_status":"closed","template":"","meta":{"_acf_changed":false,"_uag_custom_page_level_css":"","_kad_blocks_custom_css":"","_kad_blocks_head_custom_js":"","_kad_blocks_body_custom_js":"","_kad_blocks_footer_custom_js":"","_kad_post_transparent":"","_kad_post_title":"hide","_kad_post_layout":"","_kad_post_sidebar_id":"","_kad_post_content_style":"","_kad_post_vertical_padding":"","_kad_post_feature":"","_kad_post_feature_position":"","_kad_post_header":false,"_kad_post_footer":false,"_kad_post_classname":"","footnotes":"","css_class_manager_body_classes":"","css_class_manager_use_in_post_loop":false},"seitenkategorie":[],"hf_cat_page":[138],"class_list":["post-12296","page","type-page","status-publish","hentry"],"acf":[],"taxonomy_info":[],"featured_image_src_large":false,"author_info":{"display_name":"Adler ProMedia","author_link":"#"},"comment_info":0,"uagb_featured_image_src":{"full":false,"thumbnail":false,"medium":false,"medium_large":false,"large":false,"1536x1536":false,"2048x2048":false,"woocommerce_thumbnail":false,"woocommerce_single":false,"woocommerce_gallery_thumbnail":false},"uagb_author_info":{"display_name":"Adler ProMedia","author_link":"#"},"uagb_comment_info":0,"uagb_excerpt":"Important : Pour pouvoir exporter un produit dans le format souhait\u00e9 (GAEB, Data\u00adnorm, \u00d6NORM, Word, Excel, PDF et autres ), vous devez d&#8217;abord cr\u00e9er une liste de collecte. Pour ce faire, s\u00e9lectionnez les entr\u00e9es (texte, num\u00e9ro d&#8217;article) par glisser-d\u00e9poser ou \u00e0 l&#8217;aide du bouton [>]. Vous pouvez ensuite exporter au format souhait\u00e9. La fonction de...","_links":{"self":[{"href":"https:\/\/ratiotherm.de\/fr\/wp-json\/wp\/v2\/pages\/12296","targetHints":{"allow":["GET"]}}],"collection":[{"href":"https:\/\/ratiotherm.de\/fr\/wp-json\/wp\/v2\/pages"}],"about":[{"href":"https:\/\/ratiotherm.de\/fr\/wp-json\/wp\/v2\/types\/page"}],"author":[{"embeddable":true,"href":"https:\/\/ratiotherm.de\/fr\/wp-json\/wp\/v2\/users\/1"}],"replies":[{"embeddable":true,"href":"https:\/\/ratiotherm.de\/fr\/wp-json\/wp\/v2\/comments?post=12296"}],"version-history":[{"count":1,"href":"https:\/\/ratiotherm.de\/fr\/wp-json\/wp\/v2\/pages\/12296\/revisions"}],"predecessor-version":[{"id":12298,"href":"https:\/\/ratiotherm.de\/fr\/wp-json\/wp\/v2\/pages\/12296\/revisions\/12298"}],"wp:attachment":[{"href":"https:\/\/ratiotherm.de\/fr\/wp-json\/wp\/v2\/media?parent=12296"}],"wp:term":[{"taxonomy":"seitenkategorie","embeddable":true,"href":"https:\/\/ratiotherm.de\/fr\/wp-json\/wp\/v2\/seitenkategorie?post=12296"},{"taxonomy":"hf_cat_page","embeddable":true,"href":"https:\/\/ratiotherm.de\/fr\/wp-json\/wp\/v2\/hf_cat_page?post=12296"}],"curies":[{"name":"wp","href":"https:\/\/api.w.org\/{rel}","templated":true}]}}